{"id":442,"date":"2021-08-26T01:25:06","date_gmt":"2021-08-26T01:25:06","guid":{"rendered":"http:\/\/tecnica115.com.mx\/?page_id=442"},"modified":"2025-12-17T15:48:50","modified_gmt":"2025-12-17T15:48:50","slug":"grupos","status":"publish","type":"page","link":"https:\/\/tecnica115.com.mx\/?page_id=442","title":{"rendered":"Alumnos"},"content":{"rendered":"\n<figure class=\"wp-block-image size-large is-resized\"><a href=\"https:\/\/espanoldenissehdz.blogspot.com\/\"><img decoding=\"async\" loading=\"lazy\" src=\"https:\/\/tecnica115.com.mx\/wp-content\/uploads\/2025\/12\/WhatsApp-Image-2025-12-17-at-9.44.56-AM-1024x683.jpeg\" alt=\"\" class=\"wp-image-1346\" width=\"728\" height=\"474\"\/><\/a><\/figure>\n\n\n\n<figure class=\"wp-block-image size-full\"><a href=\"https:\/\/docs.google.com\/forms\/d\/e\/1FAIpQLScI7rH_V1O5gBji0j15_QHWBw0vyzyONEtg48i5Aj74ZuGUPg\/viewform?usp=header\"><img decoding=\"async\" loading=\"lazy\" width=\"225\" height=\"225\" src=\"https:\/\/tecnica115.com.mx\/wp-content\/uploads\/2025\/09\/evalu.png\" alt=\"\" class=\"wp-image-1266\" srcset=\"https:\/\/tecnica115.com.mx\/wp-content\/uploads\/2025\/09\/evalu.png 225w, https:\/\/tecnica115.com.mx\/wp-content\/uploads\/2025\/09\/evalu-150x150.png 150w\" sizes=\"(max-width: 225px) 100vw, 225px\" \/><\/a><figcaption class=\"wp-element-caption\">Ingresa para realizar la Evaluaci\u00f3n de Formaci\u00f3n C\u00edvica y \u00c9tica 1\u00b0 y 2\u00b0 de la Profa. Karina L\u00f3pez Cardoso<\/figcaption><\/figure>\n\n\n\n<figure class=\"wp-block-embed is-type-video is-provider-youtube wp-block-embed-youtube wp-embed-aspect-4-3 wp-has-aspect-ratio\"><div class=\"wp-block-embed__wrapper\">\n<iframe loading=\"lazy\" title=\"Recursos ling\u00fc\u00edsticos: nexos y expresiones con significado causal, concesivo y condicional. COMIPEMS\" width=\"472\" height=\"354\" src=\"https:\/\/www.youtube.com\/embed\/slfEK-4kcXw?feature=oembed\" frameborder=\"0\" allow=\"accelerometer; autoplay; clipboard-write; encrypted-media; gyroscope; picture-in-picture; web-share\" referrerpolicy=\"strict-origin-when-cross-origin\" allowfullscreen><\/iframe>\n<\/div><figcaption class=\"wp-element-caption\"><strong>Material de Apoyo para Tercer Grado<\/strong><\/figcaption><\/figure>\n\n\n\n<p class=\"has-text-color\" style=\"color:#800000;font-size:18px\"><strong>Desde los siguientes links puedes realizar tu Examen Diagnostico<\/strong><\/p>\n\n\n\n<p class=\"has-text-color\" style=\"color:#800000;font-size:23px\"><strong>PRIMER<\/strong> <strong>GRADO<\/strong><\/p>\n\n\n\n<p class=\"has-text-color\" style=\"color:#800000;font-size:23px\"><strong><code><a rel=\"noreferrer noopener\" href=\"https:\/\/forms.gle\/2pqJcmhzNddQx2rF7\" target=\"_blank\">A<\/a>   <\/code>           <a rel=\"noreferrer noopener\" href=\"https:\/\/forms.gle\/NqocBj8LSdrTC5r99\" target=\"_blank\">B<em> <\/em><\/a>             <a href=\"https:\/\/forms.gle\/knj3hb9ZKg8KMdY19\" target=\"_blank\" rel=\"noreferrer noopener\">C<\/a><\/strong>   <strong>          <a href=\"https:\/\/forms.gle\/Mc5xzPsod9LBEMwt8\" target=\"_blank\" rel=\"noreferrer noopener\">D<\/a>            <\/strong> <strong><a href=\"https:\/\/forms.gle\/hxc4FLn1ZZvzTRPY7\" target=\"_blank\" rel=\"noreferrer noopener\">E<\/a>                <a href=\"https:\/\/forms.gle\/ufb3ifdsGdeAnaQB6\" target=\"_blank\" rel=\"noreferrer noopener\">F<\/a><\/strong><\/p>\n\n\n\n<p class=\"has-text-color\" style=\"color:#800000;font-size:23px\"><strong>SEGUNDO<\/strong> <strong>GRADO<\/strong><\/p>\n\n\n\n<p class=\"has-text-color\" style=\"color:#800000;font-size:23px\"><strong><a href=\"https:\/\/forms.gle\/WHDUXSSQudbtAxbX8\" target=\"_blank\" rel=\"noreferrer noopener\">A<\/a>      <a href=\"https:\/\/forms.gle\/JLv489oZK1e1ks496\" target=\"_blank\" rel=\"noreferrer noopener\">B<\/a>      <a href=\"https:\/\/forms.gle\/yWAZDLb4KVFzdXeu5\" target=\"_blank\" rel=\"noreferrer noopener\">C<\/a>      <a href=\"https:\/\/forms.gle\/QNUZcm1ArhWkVZSbA\" target=\"_blank\" rel=\"noreferrer noopener\">D<\/a>      <a href=\"https:\/\/forms.gle\/tjm35bj7o5bAibNF8\" target=\"_blank\" rel=\"noreferrer noopener\">E <\/a>     <a href=\"https:\/\/forms.gle\/wrweeUnrPexBXcC66\" target=\"_blank\" rel=\"noreferrer noopener\">F<\/a><\/strong><\/p>\n\n\n\n<p class=\"has-text-color\" style=\"color:#800000;font-size:23px\"><strong>TERCER GRADO<\/strong><\/p>\n\n\n\n<p class=\"has-text-color\" style=\"color:#800000;font-size:23px\"><strong><a href=\"https:\/\/forms.gle\/BHLuxnitV65HH16n8\" target=\"_blank\" rel=\"noreferrer noopener\">A<\/a>      <a href=\"https:\/\/forms.gle\/478hX4eH6TgtsvU17\" target=\"_blank\" rel=\"noreferrer noopener\">B<\/a>      <a href=\"https:\/\/forms.gle\/tWsnKZmHQ9UjnHjR6\" target=\"_blank\" rel=\"noreferrer noopener\">C<\/a>      <a href=\"https:\/\/forms.gle\/6yyJcW5C3Zbckn5x5\" target=\"_blank\" rel=\"noreferrer noopener\">D<\/a>      <a href=\"https:\/\/forms.gle\/D44RuBXHNnKxu1pe8\" target=\"_blank\" rel=\"noreferrer noopener\">E<\/a>      <a href=\"https:\/\/forms.gle\/tJLmXi5xVFnAR9a78\" target=\"_blank\" rel=\"noreferrer noopener\">F<\/a><\/strong><\/p>\n\n\n\n<p class=\"has-text-color\" style=\"color:#800000\"><strong>Da clic en la imagen para conocer las recomendaciones para un filtro familiar, de aseo y desinfecci\u00f3n<\/strong>   <\/p>\n\n\n\n<figure class=\"wp-block-image size-large\"><a href=\"http:\/\/tecnica115.com.mx\/avisos\/filtro.pdf\" target=\"_blank\" rel=\"noopener noreferrer\"><img decoding=\"async\" loading=\"lazy\" width=\"290\" height=\"164\" src=\"http:\/\/tecnica115.com.mx\/wp-content\/uploads\/2021\/08\/FILTRO.jpg\" alt=\"\" class=\"wp-image-472\"\/><\/a><\/figure>\n\n\n\n<p><\/p>\n","protected":false},"excerpt":{"rendered":"<p>Desde los siguientes links puedes realizar tu Examen Diagnostico PRIMER GRADO A B C D E F SEGUNDO GRADO A B C D E F TERCER GRADO A B C D E F Da clic en la imagen para conocer las recomendaciones para un filtro familiar, de aseo y desinfecci\u00f3n<\/p>\n","protected":false},"author":1,"featured_media":0,"parent":0,"menu_order":2,"comment_status":"closed","ping_status":"closed","template":"","meta":[],"_links":{"self":[{"href":"https:\/\/tecnica115.com.mx\/index.php?rest_route=\/wp\/v2\/pages\/442"}],"collection":[{"href":"https:\/\/tecnica115.com.mx\/index.php?rest_route=\/wp\/v2\/pages"}],"about":[{"href":"https:\/\/tecnica115.com.mx\/index.php?rest_route=\/wp\/v2\/types\/page"}],"author":[{"embeddable":true,"href":"https:\/\/tecnica115.com.mx\/index.php?rest_route=\/wp\/v2\/users\/1"}],"replies":[{"embeddable":true,"href":"https:\/\/tecnica115.com.mx\/index.php?rest_route=%2Fwp%2Fv2%2Fcomments&post=442"}],"version-history":[{"count":35,"href":"https:\/\/tecnica115.com.mx\/index.php?rest_route=\/wp\/v2\/pages\/442\/revisions"}],"predecessor-version":[{"id":1347,"href":"https:\/\/tecnica115.com.mx\/index.php?rest_route=\/wp\/v2\/pages\/442\/revisions\/1347"}],"wp:attachment":[{"href":"https:\/\/tecnica115.com.mx\/index.php?rest_route=%2Fwp%2Fv2%2Fmedia&parent=442"}],"curies":[{"name":"wp","href":"https:\/\/api.w.org\/{rel}","templated":true}]}}